{"id":458,"date":"2019-08-22T14:55:03","date_gmt":"2019-08-22T13:55:03","guid":{"rendered":"https:\/\/ateria-safe-control.torpedo.agency\/warranty\/"},"modified":"2020-01-15T11:16:28","modified_gmt":"2020-01-15T11:16:28","slug":"garantie","status":"publish","type":"page","link":"https:\/\/ateriasafecontrol.com\/fr\/garantie\/","title":{"rendered":"Garantie"},"content":{"rendered":"<p>Informations sur la garantie<br \/>\nCette garantie vous est offerte en tant qu\u2019acheteur (\u00ab vous \u00bb) par la compagnie Owen Mumford dont les<br \/>\ncoordonn\u00e9es apparaissent sur l\u2019emballage de l\u2019appareil concern\u00e9 (\u00ab nous \u00bb). Cette garantie ne peut pas<br \/>\n\u00eatre transf\u00e9r\u00e9e \u00e0 une autre personne. Cette garantie s\u2019ajoute \u00e0, et n\u2019affecte pas, vos droits en tant que<br \/>\nconsommateur ou acheteur en vertu des lois de votre pays.<\/p>\n<p>Cette garantie est de 12 mois et court \u00e0 partir de la date de l\u2019achat (la \u00ab p\u00e9riode de garantie \u00bb).<br \/>\nSi l\u2019appareil devient mat\u00e9riellement d\u00e9fectueux durant la p\u00e9riode de garantie, veuillez nous en aviser et<br \/>\nnous fournir des d\u00e9tails sur la d\u00e9fectuosit\u00e9 et nous vous ferons parvenir un appareil de remplacement.<br \/>\nSous r\u00e9serve des lois de votre pays, nous n\u2019assumerons aucune autre responsabilit\u00e9 envers vous une<br \/>\nfois que nous vous aurons fait parvenir un appareil de remplacement.<\/p>\n<p>Lorsque vous communiquez avec nous, nous pouvons vous demander des d\u00e9tails sur le num\u00e9ro de lot<br \/>\nou d\u2019autres formes d\u2019identification de l\u2019appareil pour nous permettre d\u2019analyser davantage le probl\u00e8me.<br \/>\nNous pouvons aussi vous demander de retourner l\u2019appareil, et toute mesure de remplacement de<br \/>\nl\u2019appareil d\u00e9pendra de la r\u00e9ception de votre appareil d\u00e9fectueux.<br \/>\nCette garantie ne couvre pas les d\u00e9fauts occasionn\u00e9s par :<\/p>\n<ul>\n<li>l\u2019usure normale ;<\/li>\n<li>la manipulation, l\u2019entreposage ou l\u2019utilisation de l\u2019appareil non conforme \u00e0 nos instructions,<br \/>\nou la manipulation, l\u2019entreposage ou l\u2019utilisation inad\u00e9quate de l\u2019appareil ; ou<\/li>\n<li>des dommages ou bris caus\u00e9s par un accident ou des causes externes hors de notre contr\u00f4le.<\/li>\n<\/ul>\n","protected":false},"excerpt":{"rendered":"<p>Informations sur la garantie Cette garantie vous est offerte en tant qu\u2019acheteur (\u00ab vous \u00bb) par la compagnie Owen Mumford dont les coordonn\u00e9es apparaissent sur l\u2019emballage de l\u2019appareil concern\u00e9 (\u00ab nous \u00bb). Cette garantie ne peut pas \u00eatre transf\u00e9r\u00e9e \u00e0 une autre personne. Cette garantie s\u2019ajoute \u00e0, et n\u2019affecte pas, vos droits en tant que [&hellip;]<\/p>\n","protected":false},"author":11,"featured_media":0,"parent":0,"menu_order":0,"comment_status":"closed","ping_status":"closed","template":"","meta":{"footnotes":""},"class_list":["post-458","page","type-page","status-publish","hentry"],"yoast_head":"<!-- This site is optimized with the Yoast SEO plugin v27.2 - https:\/\/yoast.com\/product\/yoast-seo-wordpress\/ -->\n<title>Garantie - Ateria SafeControl<\/title>\n<meta name=\"robots\" content=\"index, follow, max-snippet:-1, max-image-preview:large, max-video-preview:-1\" \/>\n<link rel=\"canonical\" href=\"https:\/\/ateriasafecontrol.com\/fr\/garantie\/\" \/>\n<meta property=\"og:locale\" content=\"fr_FR\" \/>\n<meta property=\"og:type\" content=\"article\" \/>\n<meta property=\"og:title\" content=\"Garantie - Ateria SafeControl\" \/>\n<meta property=\"og:description\" content=\"Informations sur la garantie Cette garantie vous est offerte en tant qu\u2019acheteur (\u00ab vous \u00bb) par la compagnie Owen Mumford dont les coordonn\u00e9es apparaissent sur l\u2019emballage de l\u2019appareil concern\u00e9 (\u00ab nous \u00bb). Cette garantie ne peut pas \u00eatre transf\u00e9r\u00e9e \u00e0 une autre personne. Cette garantie s\u2019ajoute \u00e0, et n\u2019affecte pas, vos droits en tant que [&hellip;]\" \/>\n<meta property=\"og:url\" content=\"https:\/\/ateriasafecontrol.com\/fr\/garantie\/\" \/>\n<meta property=\"og:site_name\" content=\"Ateria SafeControl\" \/>\n<meta property=\"article:modified_time\" content=\"2020-01-15T11:16:28+00:00\" \/>\n<meta name=\"twitter:card\" content=\"summary_large_image\" \/>\n<meta name=\"twitter:label1\" content=\"Dur\u00e9e de lecture estim\u00e9e\" \/>\n\t<meta name=\"twitter:data1\" content=\"1 minute\" \/>\n<script type=\"application\/ld+json\" class=\"yoast-schema-graph\">{\"@context\":\"https:\/\/schema.org\",\"@graph\":[{\"@type\":\"WebPage\",\"@id\":\"https:\/\/ateriasafecontrol.com\/fr\/garantie\/\",\"url\":\"https:\/\/ateriasafecontrol.com\/fr\/garantie\/\",\"name\":\"Garantie - Ateria SafeControl\",\"isPartOf\":{\"@id\":\"https:\/\/ateriasafecontrol.com\/#website\"},\"datePublished\":\"2019-08-22T13:55:03+00:00\",\"dateModified\":\"2020-01-15T11:16:28+00:00\",\"breadcrumb\":{\"@id\":\"https:\/\/ateriasafecontrol.com\/fr\/garantie\/#breadcrumb\"},\"inLanguage\":\"fr-FR\",\"potentialAction\":[{\"@type\":\"ReadAction\",\"target\":[\"https:\/\/ateriasafecontrol.com\/fr\/garantie\/\"]}]},{\"@type\":\"BreadcrumbList\",\"@id\":\"https:\/\/ateriasafecontrol.com\/fr\/garantie\/#breadcrumb\",\"itemListElement\":[{\"@type\":\"ListItem\",\"position\":1,\"name\":\"Home\",\"item\":\"https:\/\/ateriasafecontrol.com\/fr\/\"},{\"@type\":\"ListItem\",\"position\":2,\"name\":\"Garantie\"}]},{\"@type\":\"WebSite\",\"@id\":\"https:\/\/ateriasafecontrol.com\/#website\",\"url\":\"https:\/\/ateriasafecontrol.com\/\",\"name\":\"Ateria SafeControl\",\"description\":\"An Owen Mumford Products site\",\"potentialAction\":[{\"@type\":\"SearchAction\",\"target\":{\"@type\":\"EntryPoint\",\"urlTemplate\":\"https:\/\/ateriasafecontrol.com\/?s={search_term_string}\"},\"query-input\":{\"@type\":\"PropertyValueSpecification\",\"valueRequired\":true,\"valueName\":\"search_term_string\"}}],\"inLanguage\":\"fr-FR\"}]}<\/script>\n<!-- \/ Yoast SEO plugin. -->","yoast_head_json":{"title":"Garantie - Ateria SafeControl","robots":{"index":"index","follow":"follow","max-snippet":"max-snippet:-1","max-image-preview":"max-image-preview:large","max-video-preview":"max-video-preview:-1"},"canonical":"https:\/\/ateriasafecontrol.com\/fr\/garantie\/","og_locale":"fr_FR","og_type":"article","og_title":"Garantie - Ateria SafeControl","og_description":"Informations sur la garantie Cette garantie vous est offerte en tant qu\u2019acheteur (\u00ab vous \u00bb) par la compagnie Owen Mumford dont les coordonn\u00e9es apparaissent sur l\u2019emballage de l\u2019appareil concern\u00e9 (\u00ab nous \u00bb). Cette garantie ne peut pas \u00eatre transf\u00e9r\u00e9e \u00e0 une autre personne. Cette garantie s\u2019ajoute \u00e0, et n\u2019affecte pas, vos droits en tant que [&hellip;]","og_url":"https:\/\/ateriasafecontrol.com\/fr\/garantie\/","og_site_name":"Ateria SafeControl","article_modified_time":"2020-01-15T11:16:28+00:00","twitter_card":"summary_large_image","twitter_misc":{"Dur\u00e9e de lecture estim\u00e9e":"1 minute"},"schema":{"@context":"https:\/\/schema.org","@graph":[{"@type":"WebPage","@id":"https:\/\/ateriasafecontrol.com\/fr\/garantie\/","url":"https:\/\/ateriasafecontrol.com\/fr\/garantie\/","name":"Garantie - Ateria SafeControl","isPartOf":{"@id":"https:\/\/ateriasafecontrol.com\/#website"},"datePublished":"2019-08-22T13:55:03+00:00","dateModified":"2020-01-15T11:16:28+00:00","breadcrumb":{"@id":"https:\/\/ateriasafecontrol.com\/fr\/garantie\/#breadcrumb"},"inLanguage":"fr-FR","potentialAction":[{"@type":"ReadAction","target":["https:\/\/ateriasafecontrol.com\/fr\/garantie\/"]}]},{"@type":"BreadcrumbList","@id":"https:\/\/ateriasafecontrol.com\/fr\/garantie\/#breadcrumb","itemListElement":[{"@type":"ListItem","position":1,"name":"Home","item":"https:\/\/ateriasafecontrol.com\/fr\/"},{"@type":"ListItem","position":2,"name":"Garantie"}]},{"@type":"WebSite","@id":"https:\/\/ateriasafecontrol.com\/#website","url":"https:\/\/ateriasafecontrol.com\/","name":"Ateria SafeControl","description":"An Owen Mumford Products site","potentialAction":[{"@type":"SearchAction","target":{"@type":"EntryPoint","urlTemplate":"https:\/\/ateriasafecontrol.com\/?s={search_term_string}"},"query-input":{"@type":"PropertyValueSpecification","valueRequired":true,"valueName":"search_term_string"}}],"inLanguage":"fr-FR"}]}},"_links":{"self":[{"href":"https:\/\/ateriasafecontrol.com\/fr\/wp-json\/wp\/v2\/pages\/458","targetHints":{"allow":["GET"]}}],"collection":[{"href":"https:\/\/ateriasafecontrol.com\/fr\/wp-json\/wp\/v2\/pages"}],"about":[{"href":"https:\/\/ateriasafecontrol.com\/fr\/wp-json\/wp\/v2\/types\/page"}],"author":[{"embeddable":true,"href":"https:\/\/ateriasafecontrol.com\/fr\/wp-json\/wp\/v2\/users\/11"}],"replies":[{"embeddable":true,"href":"https:\/\/ateriasafecontrol.com\/fr\/wp-json\/wp\/v2\/comments?post=458"}],"version-history":[{"count":2,"href":"https:\/\/ateriasafecontrol.com\/fr\/wp-json\/wp\/v2\/pages\/458\/revisions"}],"predecessor-version":[{"id":1209,"href":"https:\/\/ateriasafecontrol.com\/fr\/wp-json\/wp\/v2\/pages\/458\/revisions\/1209"}],"wp:attachment":[{"href":"https:\/\/ateriasafecontrol.com\/fr\/wp-json\/wp\/v2\/media?parent=458"}],"curies":[{"name":"wp","href":"https:\/\/api.w.org\/{rel}","templated":true}]}}